{"id":837,"date":"2020-04-29T11:30:00","date_gmt":"2020-04-29T09:30:00","guid":{"rendered":"https:\/\/masriera.com\/?page_id=837"},"modified":"2021-04-04T20:17:35","modified_gmt":"2021-04-04T18:17:35","slug":"cookies-policy","status":"publish","type":"page","link":"https:\/\/www.masriera.com\/cat\/cookies-policy\/","title":{"rendered":"Pol\u00edtica de Cookies"},"content":{"rendered":"<p>In compliance with article 21 of Law 34\/2002 of July 11 on information society services and electronic commerce, BAGUES MASRIERA, S.A.U want to inform users that this website uses Cookies (small information files that the server sends to the computer of the person accessing the page and that allows the website to remember information about your visit).<\/p>\n\n\n\n<p>La nostra p\u00e0gina web <a href=\"http:\/\/www.masriera.com\/cat\/\" class=\"rank-math-link\">www.masriera.com<\/a> utilitza \u201ccookies\u201d per tal d\u2019adquirir informaci\u00f3 sobre l\u2019\u00fas, millorar l\u2019experi\u00e8ncia de l\u2019usuari i comprovar que tot funciona correctament.<\/p>\n\n\n\n<h2 class=\"wp-block-heading\">QUE \u00c9S UNA \"COOKIE\"?<\/h2>\n\n\n\n<p>Una \"cookie\" \u00e9s una petita pe\u00e7a de dades enviada des d'un lloc web i emmagatzemada al navegador web de l'usuari mentre aquest navega per aquest lloc web. Cada vegada que l\u2019usuari carrega el lloc web, el navegador envia la cookie al servidor per notificar-li l\u2019activitat anterior de l\u2019usuari. Les cookies tenen diverses funcions que inclouen recopilar i retenir informaci\u00f3 sobre les prefer\u00e8ncies de l\u2019usuari i, en general, fer m\u00e9s f\u00e0cil l\u2019\u00fas del lloc web mitjan\u00e7ant la personalitzaci\u00f3 del contingut.<\/p>\n\n\n\n<p>Hi ha diversos tipus de cookies:<\/p>\n\n\n\n<p><strong>1. Cookies pr\u00f2pies i de tercers:<\/strong> dep\u00e8n de qui gestioni el domini especificat a la cookie. La \"part\" fa refer\u00e8ncia al lloc web que col\u00b7loca la galeta. Si el lloc web i el domini de la galeta s\u00f3n els mateixos, es tracta d\u2019una galeta pr\u00f2pia. Si el lloc web i el domini de la cookie s\u00f3n diferents, es tracta d\u2019una cookie de tercers.<\/p>\n\n\n\n<p><strong>2. Cookies de sessi\u00f3 i cookies persistents:<\/strong> dep\u00e8n del temps que la galeta romangui al navegador de l\u2019usuari.<\/p>\n\n\n\n<p><strong>3. Cookies t\u00e8cniques, cookies personalitzades, cookies de proves, cookies de publicitat i cookies de publicitat comportamental:<\/strong> dep\u00e8n de per a qu\u00e8 s\u2019utilitzen les cookies.<\/p>\n\n\n\n<p><strong>Cookies t\u00e8cniques:<\/strong> Permeten a l\u2019usuari navegar per la p\u00e0gina web o l\u2019aplicaci\u00f3 i utilitzar les diverses opcions i serveis disponibles. S'utilitzen per al control del tr\u00e0nsit i la comunicaci\u00f3 de dades, per identificar sessions i accedir a parts del web amb acc\u00e9s restringit.<\/p>\n\n\n\n<p><strong>Cookies personalitzades:<\/strong> Aquests permeten a l\u2019usuari accedir a un servei la funci\u00f3 general del qual \u00e9s determinada pel terminal de l\u2019ordinador o per l\u2019usuari. L\u2019idioma, per exemple, dep\u00e8n del tipus de navegador utilitzat per accedir a un servei o modificar el disseny d\u2019una p\u00e0gina web.<\/p>\n\n\n\n<p><strong>Prova de cookies:<\/strong> Tant si s\u00f3n propietat de primers o tercers, ens permeten determinar el nombre d\u2019usuaris i, per tant, realitzar una an\u00e0lisi estad\u00edstica de l\u2019\u00fas d\u2019un servei. Podem analitzar les dades de navegaci\u00f3 de la nostra p\u00e0gina web i millorar els productes i serveis que oferim.<\/p>\n\n\n\n<p><strong>Cookies publicit\u00e0ries:<\/strong> Aquests ens permeten gestionar de manera eficient l\u2019espai publicitari incl\u00f2s a la p\u00e0gina web, l\u2019aplicaci\u00f3 o la plataforma des d\u2019on s\u2019activa el servei segons determinats criteris, com ara el contingut editat o la freq\u00fc\u00e8ncia dels anuncis.<\/p>\n\n\n\n<p><strong>Cookies de publicitat comportamental:<\/strong> Aquests ens permeten gestionar de manera eficient l\u2019espai publicitari incl\u00f2s a la p\u00e0gina web, l\u2019aplicaci\u00f3 o la plataforma des d\u2019on s\u2019activa el servei. Aquestes cookies contenen informaci\u00f3 sobre els h\u00e0bits dels usuaris, obtinguda mitjan\u00e7ant l\u2019observaci\u00f3 cont\u00ednua de les seves prefer\u00e8ncies de navegaci\u00f3. Es poden crear perfils precisos que ens permeten mostrar la publicitat m\u00e9s rellevant.<\/p>\n\n\n\n<h2 class=\"wp-block-heading\">COOKIES UTILITZADES A LA NOSTRA P\u00c0GINA WEB<\/h2>\n\n\n\n<p><strong>Cookies Propies<\/strong><strong> :<\/strong> Elles son <strong>cookies t\u00e8cniques<\/strong> que s\u2019utilitzen per dur a terme determinades funcions que es consideren essencials per al bon funcionament i visualitzaci\u00f3 del lloc web. Tenen un car\u00e0cter temporal i tenen l\u2019\u00fanic prop\u00f2sit de fer m\u00e9s efica\u00e7 la transmissi\u00f3 a trav\u00e9s d\u2019una xarxa de comunicacions electr\u00f2niques o, en la mesura que siguin estrictament necessaris, per a la prestaci\u00f3 d\u2019un servei sol\u00b7licitat expressament per l\u2019usuari i desapareguin al final del la sessi\u00f3. En cap cas, aquest tipus de cookies s\u2019utilitzen per recopilar informaci\u00f3 personal.<\/p>\n\n\n\n<p>La desactivaci\u00f3 d\u2019aquestes cookies impedir\u00e0 la correcta recepci\u00f3 per part dels usuaris del contingut del lloc web.<\/p>\n\n\n\n<p><strong>Cookies de tercers:<\/strong> Google Analytics utilitza <strong>cookies d'an\u00e0lisi<\/strong> per tal de recopilar informaci\u00f3 sobre l\u2019usuari, com ara els llocs web visitats, la freq\u00fc\u00e8ncia, el nombre i la repetici\u00f3 de visites, el temps de navegaci\u00f3, les cerques realitzades, els enlla\u00e7os accedits, el navegador utilitzat, l\u2019operador que proporciona el servei, la ubicaci\u00f3 vinculada a l\u2019adre\u00e7a IP, etc.<\/p>\n\n\n\n<p>La informaci\u00f3 recollida s\u2019utilitza en el mesurament de l\u2019activitat d\u2019aquest lloc web, per a l\u2019elaboraci\u00f3 de perfils de navegaci\u00f3 dels seus usuaris, aix\u00ed com per tal d\u2019introduir millores basades en l\u2019an\u00e0lisi de les dades d\u2019\u00fas que fan els usuaris.<\/p>\n\n\n\n<p>Tota la informaci\u00f3 generada per aquestes cookies ser\u00e0 transmesa i arxivada directament per Google. Si voleu obtenir m\u00e9s informaci\u00f3 sobre les cookies de Google, podeu consultar-ne la pol\u00edtica d\u2019\u00fas a http:\/\/www.google.es\/intl\/es\/policies\/technologies\/cookies\/<\/p>\n\n\n\n<p>Les cookies anal\u00edtiques no s\u00f3n necess\u00e0ries per a la navegaci\u00f3 i l\u2019\u00fas del lloc web, per tant, la seva desactivaci\u00f3 no afectar\u00e0 la recepci\u00f3 del contingut del lloc web.<\/p>\n\n\n\n<p>Ens agradaria ajudar-vos a vosaltres i a tots els visitants del nostre lloc web amb preguntes el m\u00e9s r\u00e0pidament possible. Amb aquest prop\u00f2sit, fem servir el xat Tidio de Tidio Ltd. (Regne Unit) i Tidio LLC (EUA), al qual podeu fer clic en qualsevol moment a la part inferior dreta de cada p\u00e0gina i posar-vos en contacte amb nosaltres.<br>Per utilitzar aquest xat, hem d\u2019integrar un JavaScript extern a la nostra p\u00e0gina. Aix\u00f2 permet al prove\u00efdor de serveis accedir a la informaci\u00f3 que revela el vostre navegador.<br>La pol\u00edtica de privacitat de Tidio es pot trobar aqu\u00ed:&nbsp;<a rel=\"noreferrer noopener\" href=\"https:\/\/www.tidiochat.com\/en\/privacy-policy\" target=\"_blank\">https:\/\/www.tidiochat.com\/en\/privacy-policy<\/a><br>Si no necessiteu aquest xat, us recomanem el connector Ghostery del navegador, que pot bloquejar el xat de Tidio.<\/p>\n\n\n\n<p>Els usuaris tenen l\u2019opci\u00f3 de permetre o bloquejar les cookies, aix\u00ed com eliminar les seves dades de navegaci\u00f3 (incloses les cookies) del navegador que utilitzen. Per a aix\u00f2, haurien de consultar les opcions i instruccions espec\u00edfiques que ofereix cada navegador.<\/p>\n\n\n\n<h2 class=\"wp-block-heading\">CONSENTIMENT<\/h2>\n\n\n\n<p>Al navegar i romandre a la nostra p\u00e0gina web, l\u2019usuari consent l\u2019\u00fas esmentat de cookies durant els per\u00edodes de temps indicats i d\u2019acord amb les condicions descrites a la Pol\u00edtica de cookies.<\/p>\n\n\n\n<h2 class=\"wp-block-heading\">RETIRADA DEL CONSENTIMENT<\/h2>\n\n\n\n<p>L\u2019usuari pot, en qualsevol moment, retirar el consentiment pel que fa a la present Pol\u00edtica de cookies, suprimint les cookies ubicades a l\u2019ordinador. Aix\u00f2 es fa mitjan\u00e7ant Eines i Configuraci\u00f3 a Internet.<\/p>\n\n\n\n<h2 class=\"wp-block-heading\">CANVIAR LA CONFIGURACI\u00d3 DE COOKIES<\/h2>\n\n\n\n<p>L\u2019usuari pot restringir, bloquejar i eliminar les cookies pertanyents a qualsevol lloc web del navegador d\u2019Internet. Cada navegador funciona de manera diferent, de manera que es poden consultar els enlla\u00e7os seg\u00fcents per trobar la millor manera de fer-ho:<\/p>\n\n\n\n<p><strong>Internet Explorer:<\/strong>&nbsp;<a href=\"https:\/\/support.microsoft.com\/es-es\/help\/17442\/windows-internet-explorer-delete-manage-cookies\" target=\"_blank\" rel=\"noreferrer noopener\">https:\/\/support.microsoft.com\/es-es\/help\/17442\/windows-internet-explorer-delete-manage-cookies<\/a><\/p>\n\n\n\n<p><strong>FireFox:<\/strong>&nbsp;<a href=\"https:\/\/support.mozilla.org\/es\/kb\/habilitar-y-deshabilitar-cookies-sitios-web-rastrear-preferencias\" target=\"_blank\" rel=\"noopener\">https:\/\/support.mozilla.org\/es\/kb\/habilitar-y-deshabilitar-cookies-sitios-web-rastrear-preferencias<\/a><\/p>\n\n\n\n<p><strong>Chrome:<\/strong>&nbsp;<a rel=\"noreferrer noopener\" href=\"https:\/\/support.google.com\/chrome\/answer\/95647\" target=\"_blank\">https:\/\/support.google.com\/chrome\/answer\/95647<\/a><\/p>\n\n\n\n<p><strong>Safari:<\/strong> <a href=\"https:\/\/www.apple.com\/legal\/privacy\/en-ww\/cookies\/\" target=\"_blank\" rel=\"noreferrer noopener\">https:\/\/www.apple.com\/legal\/privacy\/en-ww\/cookies\/<\/a><\/p>\n\n\n\n<p>Per obtenir m\u00e9s informaci\u00f3 sobre la supressi\u00f3, desactivaci\u00f3 i bloqueig de cookies, tamb\u00e9 pot ser que vulgueu visitar:&nbsp;<a href=\"http:\/\/www.allaboutcookies.org\/\" target=\"_blank\" rel=\"noopener\">www.allaboutcookies.org<\/a>&nbsp;o&nbsp;<a href=\"http:\/\/www.youronlinechoices.eu\/\" target=\"_blank\" rel=\"noopener\">www.youronlinechoices.eu<\/a>.<\/p>\n\n\n\n<h2 class=\"wp-block-heading\">ACTUALITZACI\u00d3 DE LA POL\u00cdTICA DE COOKIES<\/h2>\n\n\n\n<p>Aquest lloc web pot modificar la seva pol\u00edtica de cookies, per la qual cosa \u00e9s recomanable comprovar-la en cada visita al nostre lloc web per mantenir-se informat adequadament del nostre \u00fas de cookies. La nostra pol\u00edtica de cookies es va actualitzar per \u00faltima vegada el 29 d'abril de 2020.<\/p>","protected":false},"excerpt":{"rendered":"<p>In compliance with article 21 of Law 34\/2002 of July 11 on information society services and electronic commerce, BAGUES MASRIERA, S.A.U want to inform users that this website uses Cookies (small information files that the server sends to the computer of the person accessing the page and that allows the website to remember information about &#8230; <a title=\"Pol\u00edtica de Cookies\" class=\"read-more\" href=\"https:\/\/www.masriera.com\/cat\/cookies-policy\/\" aria-label=\"M\u00e9s informaci\u00f3 sobre Cookies Policy\">Llegiu m\u00e9s<\/a><\/p>","protected":false},"author":2,"featured_media":0,"parent":0,"menu_order":0,"comment_status":"closed","ping_status":"closed","template":"","meta":{"content-type":"","footnotes":""},"class_list":["post-837","page","type-page","status-publish"],"_links":{"self":[{"href":"https:\/\/www.masriera.com\/cat\/wp-json\/wp\/v2\/pages\/837","targetHints":{"allow":["GET"]}}],"collection":[{"href":"https:\/\/www.masriera.com\/cat\/wp-json\/wp\/v2\/pages"}],"about":[{"href":"https:\/\/www.masriera.com\/cat\/wp-json\/wp\/v2\/types\/page"}],"author":[{"embeddable":true,"href":"https:\/\/www.masriera.com\/cat\/wp-json\/wp\/v2\/users\/2"}],"replies":[{"embeddable":true,"href":"https:\/\/www.masriera.com\/cat\/wp-json\/wp\/v2\/comments?post=837"}],"version-history":[{"count":8,"href":"https:\/\/www.masriera.com\/cat\/wp-json\/wp\/v2\/pages\/837\/revisions"}],"predecessor-version":[{"id":1869,"href":"https:\/\/www.masriera.com\/cat\/wp-json\/wp\/v2\/pages\/837\/revisions\/1869"}],"wp:attachment":[{"href":"https:\/\/www.masriera.com\/cat\/wp-json\/wp\/v2\/media?parent=837"}],"curies":[{"name":"wp","href":"https:\/\/api.w.org\/{rel}","templated":true}]}}