{"id":4765,"date":"2022-04-05T17:14:38","date_gmt":"2022-04-05T15:14:38","guid":{"rendered":"https:\/\/www.masriera.com\/?post_type=product&#038;p=4765"},"modified":"2025-10-27T12:38:52","modified_gmt":"2025-10-27T10:38:52","slug":"magic-rainbow","status":"publish","type":"product","link":"https:\/\/www.masriera.com\/cat\/product\/magic-rainbow\/","title":{"rendered":"Arc De Sant Mart\u00ed M\u00e0gic"},"content":{"rendered":"<p>Un ball llumin\u00f3s de colors, la Nimfa Arc de Sant Mart\u00ed M\u00e0gic irradia alegria i meravella, encarnant la bellesa de la llum i la natura en perfecta harmonia.<\/p>","protected":false},"excerpt":{"rendered":"<p>Penjoll fermall d'or groc de 18 quirats amb esmalts al foc \"plique-\u00e0-jour\" i \"basse taille\", 25 diamants talla brillant 0.42 quirats i una perla.<\/p>","protected":false},"featured_media":4759,"template":"","meta":{"content-type":""},"product_brand":[],"product_cat":[78],"product_tag":[31,24],"class_list":{"0":"post-4765","1":"product","2":"type-product","3":"status-publish","4":"has-post-thumbnail","6":"product_cat-freshness","7":"product_tag-nymphs","8":"product_tag-pendants-brooches","10":"first","11":"instock","12":"shipping-taxable","13":"product-type-simple"},"_links":{"self":[{"href":"https:\/\/www.masriera.com\/cat\/wp-json\/wp\/v2\/product\/4765","targetHints":{"allow":["GET"]}}],"collection":[{"href":"https:\/\/www.masriera.com\/cat\/wp-json\/wp\/v2\/product"}],"about":[{"href":"https:\/\/www.masriera.com\/cat\/wp-json\/wp\/v2\/types\/product"}],"wp:featuredmedia":[{"embeddable":true,"href":"https:\/\/www.masriera.com\/cat\/wp-json\/wp\/v2\/media\/4759"}],"wp:attachment":[{"href":"https:\/\/www.masriera.com\/cat\/wp-json\/wp\/v2\/media?parent=4765"}],"wp:term":[{"taxonomy":"product_brand","embeddable":true,"href":"https:\/\/www.masriera.com\/cat\/wp-json\/wp\/v2\/product_brand?post=4765"},{"taxonomy":"product_cat","embeddable":true,"href":"https:\/\/www.masriera.com\/cat\/wp-json\/wp\/v2\/product_cat?post=4765"},{"taxonomy":"product_tag","embeddable":true,"href":"https:\/\/www.masriera.com\/cat\/wp-json\/wp\/v2\/product_tag?post=4765"}],"curies":[{"name":"wp","href":"https:\/\/api.w.org\/{rel}","templated":true}]}}